{"id":2496,"date":"2022-09-20T09:11:32","date_gmt":"2021-03-09T14:11:37","guid":{"rendered":"http:\/\/www.dj-topmusic.de\/word\/services\/"},"modified":"2022-09-20T11:43:47","modified_gmt":"2022-09-20T09:43:47","slug":"services","status":"publish","type":"page","link":"http:\/\/www.dj-topmusic.de\/word\/services\/","title":{"rendered":"Die Geschichte von DJ D"},"content":{"rendered":"\n<div class=\"wp-block-columns is-layout-flex wp-container-core-columns-is-layout-9d6595d7 wp-block-columns-is-layout-flex\">\n<div class=\"wp-block-column is-layout-flow wp-block-column-is-layout-flow\">\n<div class=\"wp-block-buttons is-horizontal is-content-justification-center is-layout-flex wp-container-core-buttons-is-layout-499968f5 wp-block-buttons-is-layout-flex\"><\/div>\n<\/div>\n\n\n\n<div class=\"wp-block-column is-layout-flow wp-block-column-is-layout-flow\">\n<div class=\"wp-block-buttons is-horizontal is-content-justification-center is-layout-flex wp-container-core-buttons-is-layout-499968f5 wp-block-buttons-is-layout-flex\"><\/div>\n<\/div>\n\n\n\n<div class=\"wp-block-column is-layout-flow wp-block-column-is-layout-flow\">\n<div class=\"wp-block-buttons is-horizontal is-content-justification-center is-layout-flex wp-container-core-buttons-is-layout-499968f5 wp-block-buttons-is-layout-flex\"><\/div>\n<\/div>\n<\/div>\n\n\n\n<h2 class=\"wp-block-heading\" id=\"h-our-guarantee\">History<\/h2>\n\n\n\n<p class=\"has-text-align-left\">DJ D alias Dirk wurde, man m\u00f6chte es kaum glauben, am Valentinstag vor einigen Jahren geboren. Da Das genaue Geburtsdatum ist allerdings im Laufe der Geschichte verlorengegangen. So ist es immer wieder sch\u00f6n zu sagen: \u201cIch bin so jung wie ich mich f\u00fchle\u201d. Und DJ D ist wohl nicht zuletzt durch den Job \u00e4u\u00dferlich und innerlich sehr jung geblieben, trotz seiner mehr als 20-j\u00e4hrigen Erfahrung als Discjockey. Im Alter von 13 Jahren begann Dirk bereits damit, sein Taschengeld in Schallplatten zu investieren. Mit 15 wurde es Zeit, die ersten Scratch- und Mixversuche zu unternehmen. Hilfestellung leistete ihm dabei sein bester Freund. Das Equipment bestand aus einem Dual-Plattenspieler, einem TEAC- Plattenspieler und einem ITT Schaub-Lorenz Tape Deck mit eingebautem Mischer. Dabei sind nat\u00fcrlich dank der f\u00fcr diesen Gebrauch falschen Nadeln so manche Platten auf der Strecke geblieben. Aber die Experimente hinterlie\u00dfen einen bleibenden Eindruck, \u00fcber den auch heute noch gerne gesprochen und gelacht wird. Mit 19 war es dann schlie\u00dflich soweit, dass die ersten Technics 1210er Plattenspieler gekauft werden konnten. Der Monacor-Mixer war zwar nur sehr einfach aufgebaut, aber nun konnte Dirk seine Musik im Blut endlich richtig zur Geltung bringen. Die ersten DJ-Jobs ergaben sich wie wohl fr\u00fcher bei vielen DJ\u00b4s in einer der \u00f6rtlichen Tanzschulen, zuf\u00e4llig der gr\u00f6\u00dften im Ort. Dort feierten jeden Sonntagnachmittag immerhin 700 &#8211; 800 Teenies. Und nach vier Jahren und einer weiteren Tanzschule kam dann der Sprung in die Erlebnisgastronomie. Den Anfang machte ein damals bekanntes Tanzlokal und es folgten dann im Laufe der Jahre einige mehr oder weniger bekannte Diskotheken und Clubs im In- und Ausland. In dieser Zeit wuchs auch das Home Equipment gewaltig an. Und die daraus resultierenden regelm\u00e4\u00dfigen Mixtapes wurden immer besser und origineller. Die Auftritte als DJ liefen allerdings alle in der Regel am Wochenende ab, da Dirk ja w\u00e4hrend der Woche seinen Beruf als Gro\u00df- und Au\u00dfenhandelskaufmann aus\u00fcben mu\u00dfte. Bis es sich dann 1997 ergab, hauptberuflich in die Erlebnisgastronomie zu wechseln. Jetzt wurde Dirk in den unterschiedlichsten Betrieben regelm\u00e4\u00dfig als DJ eingesetzt. So konnte er bis heute seine Kenntnisse und F\u00e4higkeiten in allen Musikbereichen weiter ausbauen. Dirk geh\u00f6rt wohl zu den wenigen DJ\u00b4s, die sowohl House\/Elektro als auch R\u00b4n\u00b4B\/HipHop spielen k\u00f6nnen und f\u00fcr die auch Partymusic\/Oldies\/Schlager\/Fox\/Latino und Rock kein Problem darstellt. Egal ob Klassiker oder aktuelle Hits aus den Charts, Dirk verkauft seinem Publikum alles aus dem Gef\u00fchl heraus und er leistet dabei sogar noch eine Mikrofonarbeit, f\u00fcr die heute viele DJ\u00b4s einen MC ben\u00f6tigen. Er lebt die Musik, sp\u00fcrt, ob er mit seiner Pr\u00e4sentation beim Publikum gut ankommt oder nicht. CD\u00b4s wechseln, Platten drehen oder am Laptop herumspielen k\u00f6nnen viele \u201cDJ\u00b4s\u201d, aber den richtigen Draht zum Publikum finden, das macht den echten, den ehrlichen DJ aus und das kann man auch nicht lernen.  Entweder ein DJ hat dies im Blut oder aber nicht. Deswegen ist der DJ auch teilweise zu Recht als K\u00fcnstler zu bezeichnen. Allerdings wirkt Dirk in keinster Weise arrogant. Er m\u00f6chte einfach immer nur sein Bestes geben, um das Publikum zufriedenzustellen und gut zu unterhalten. Und er selbst ist auch nie mit sich zufrieden, denn man kann immer etwas besser machen. Und solange man sich nicht auf seinen Lorbeeren ausruht, geht auch die positive Entwicklung weiter. Nun hat sich f\u00fcr Dirk seit Anfang 2009 eine Neuorientierung ergeben, und zwar als DJ im Hauptberuf. Jetzt hat Dirk alias DJ D noch einmal die Chance, sich in seiner Liebe zur Musik richtig zu entfalten. Und diese Chance m\u00f6chte er mit aller Hingabe nutzen!!!<\/p>\n","protected":false},"excerpt":{"rendered":"<p>History DJ D alias Dirk wurde, man m\u00f6chte es kaum glauben, am Valentinstag vor einigen Jahren geboren. Da Das genaue [&hellip;]<\/p>\n","protected":false},"author":1,"featured_media":0,"parent":0,"menu_order":0,"comment_status":"closed","ping_status":"closed","template":"","meta":{"footnotes":""},"class_list":["post-2496","page","type-page","status-publish","hentry"],"_links":{"self":[{"href":"http:\/\/www.dj-topmusic.de\/word\/wp-json\/wp\/v2\/pages\/2496","targetHints":{"allow":["GET"]}}],"collection":[{"href":"http:\/\/www.dj-topmusic.de\/word\/wp-json\/wp\/v2\/pages"}],"about":[{"href":"http:\/\/www.dj-topmusic.de\/word\/wp-json\/wp\/v2\/types\/page"}],"author":[{"embeddable":true,"href":"http:\/\/www.dj-topmusic.de\/word\/wp-json\/wp\/v2\/users\/1"}],"replies":[{"embeddable":true,"href":"http:\/\/www.dj-topmusic.de\/word\/wp-json\/wp\/v2\/comments?post=2496"}],"version-history":[{"count":2,"href":"http:\/\/www.dj-topmusic.de\/word\/wp-json\/wp\/v2\/pages\/2496\/revisions"}],"predecessor-version":[{"id":2526,"href":"http:\/\/www.dj-topmusic.de\/word\/wp-json\/wp\/v2\/pages\/2496\/revisions\/2526"}],"wp:attachment":[{"href":"http:\/\/www.dj-topmusic.de\/word\/wp-json\/wp\/v2\/media?parent=2496"}],"curies":[{"name":"wp","href":"https:\/\/api.w.org\/{rel}","templated":true}]}}